{"id":381,"date":"2021-12-09T11:45:54","date_gmt":"2021-12-09T11:45:54","guid":{"rendered":"https:\/\/demosites.royal-elementor-addons.com\/drone-v1\/?page_id=381"},"modified":"2025-10-24T20:29:34","modified_gmt":"2025-10-24T20:29:34","slug":"contato","status":"publish","type":"page","link":"https:\/\/visiondrones.com.br\/filmagem-com-drone-portal-dos-ipes-cajamar\/contato\/","title":{"rendered":"Contato"},"content":{"rendered":"<h2>Filmagem com Drone alphaville<\/h2>\n<h2>Entre em Contato \u2013 Vision Drones<\/h2>\n<p>Quer transformar suas ideias em <strong data-start=\"233\" data-end=\"261\">imagens a\u00e9reas incr\u00edveis<\/strong>? Fale com a <strong data-start=\"274\" data-end=\"291\">Vision Drones<\/strong>!<br data-start=\"292\" data-end=\"295\" \/>Atuamos com <strong data-start=\"307\" data-end=\"363\">filmagem com drones em Sorocaba, Cajamar e S\u00e3o Paulo<\/strong>, entregando <strong data-start=\"376\" data-end=\"445\">v\u00eddeos 4K, imagens a\u00e9reas profissionais e projetos personalizados<\/strong>.\u00a0<\/p>\n<p>\t\t\t<iframe loading=\"lazy\"\n\t\t\t\t\tsrc=\"https:\/\/maps.google.com\/maps?q=portal%20dos%20ipes%2C%20cajamar&#038;t=m&#038;z=10&#038;output=embed&#038;iwloc=near\"\n\t\t\t\t\ttitle=\"portal dos ipes, cajamar\"\n\t\t\t\t\taria-label=\"portal dos ipes, cajamar\"\n\t\t\t><\/iframe><\/p>\n","protected":false},"excerpt":{"rendered":"<p>Filmagem com Drone alphaville Entre em Contato \u2013 Vision Drones Quer transformar suas ideias em imagens a\u00e9reas incr\u00edveis? Fale com a Vision Drones!Atuamos com filmagem com drones em Sorocaba, Cajamar e S\u00e3o Paulo, entregando v\u00eddeos 4K, imagens a\u00e9reas profissionais e projetos personalizados.\u00a0<\/p>\n","protected":false},"author":1,"featured_media":0,"parent":0,"menu_order":0,"comment_status":"closed","ping_status":"closed","template":"elementor_canvas","meta":{"_joinchat":[],"footnotes":""},"class_list":["post-381","page","type-page","status-publish","hentry"],"_hostinger_reach_plugin_has_subscription_block":false,"_hostinger_reach_plugin_is_elementor":false,"_links":{"self":[{"href":"https:\/\/visiondrones.com.br\/filmagem-com-drone-portal-dos-ipes-cajamar\/wp-json\/wp\/v2\/pages\/381","targetHints":{"allow":["GET"]}}],"collection":[{"href":"https:\/\/visiondrones.com.br\/filmagem-com-drone-portal-dos-ipes-cajamar\/wp-json\/wp\/v2\/pages"}],"about":[{"href":"https:\/\/visiondrones.com.br\/filmagem-com-drone-portal-dos-ipes-cajamar\/wp-json\/wp\/v2\/types\/page"}],"author":[{"embeddable":true,"href":"https:\/\/visiondrones.com.br\/filmagem-com-drone-portal-dos-ipes-cajamar\/wp-json\/wp\/v2\/users\/1"}],"replies":[{"embeddable":true,"href":"https:\/\/visiondrones.com.br\/filmagem-com-drone-portal-dos-ipes-cajamar\/wp-json\/wp\/v2\/comments?post=381"}],"version-history":[{"count":8,"href":"https:\/\/visiondrones.com.br\/filmagem-com-drone-portal-dos-ipes-cajamar\/wp-json\/wp\/v2\/pages\/381\/revisions"}],"predecessor-version":[{"id":1036,"href":"https:\/\/visiondrones.com.br\/filmagem-com-drone-portal-dos-ipes-cajamar\/wp-json\/wp\/v2\/pages\/381\/revisions\/1036"}],"wp:attachment":[{"href":"https:\/\/visiondrones.com.br\/filmagem-com-drone-portal-dos-ipes-cajamar\/wp-json\/wp\/v2\/media?parent=381"}],"curies":[{"name":"wp","href":"https:\/\/api.w.org\/{rel}","templated":true}]}}