{"id":388,"date":"2021-12-09T11:46:43","date_gmt":"2021-12-09T11:46:43","guid":{"rendered":"https:\/\/demosites.royal-elementor-addons.com\/drone-v1\/?page_id=388"},"modified":"2025-10-24T20:12:33","modified_gmt":"2025-10-24T20:12:33","slug":"servicos","status":"publish","type":"page","link":"https:\/\/visiondrones.com.br\/filmagem-com-drone-portal-dos-ipes-cajamar\/servicos\/","title":{"rendered":"Servi\u00e7os"},"content":{"rendered":"<p class=\"attachment\"><a href='https:\/\/visiondrones.com.br\/wp-content\/uploads\/2021\/12\/image-17.jpg'><img fetchpriority=\"high\" decoding=\"async\" width=\"300\" height=\"200\" src=\"https:\/\/visiondrones.com.br\/wp-content\/uploads\/2021\/12\/image-17-300x200.jpg\" class=\"attachment-medium size-medium\" alt=\"\" srcset=\"https:\/\/visiondrones.com.br\/wp-content\/uploads\/2021\/12\/image-17-300x200.jpg 300w, https:\/\/visiondrones.com.br\/wp-content\/uploads\/2021\/12\/image-17-1024x684.jpg 1024w, https:\/\/visiondrones.com.br\/wp-content\/uploads\/2021\/12\/image-17-768x513.jpg 768w, https:\/\/visiondrones.com.br\/wp-content\/uploads\/2021\/12\/image-17.jpg 1400w\" sizes=\"(max-width: 300px) 100vw, 300px\" \/><\/a><\/p>\n\t\t<div data-elementor-type=\"wp-page\" data-elementor-id=\"388\" class=\"elementor elementor-388\">\n\t\t\t\t\t\t<section class=\"elementor-section elementor-top-section elementor-element elementor-element-1aeb1562 elementor-section-height-min-height elementor-section-boxed elementor-section-height-default elementor-section-items-middle wpr-particle-no wpr-jarallax-no wpr-parallax-no wpr-sticky-section-no wpr-equal-height-no\" data-id=\"1aeb1562\" data-element_type=\"section\" data-e-type=\"section\" data-settings=\"{&quot;background_background&quot;:&quot;classic&quot;}\">\n\t\t\t\t\t\t\t<div class=\"elementor-background-overlay\"><\/div>\n\t\t\t\t\t\t\t<div class=\"elementor-container elementor-column-gap-default\">\n\t\t\t\t\t<div class=\"elementor-column elementor-col-100 elementor-top-column elementor-element elementor-element-75a844fc\" data-id=\"75a844fc\" data-element_type=\"column\" data-e-type=\"column\">\n\t\t\t<div class=\"elementor-widget-wrap elementor-element-populated\">\n\t\t\t\t\t\t<div class=\"elementor-element elementor-element-5a4d1480 elementor-widget elementor-widget-heading\" data-id=\"5a4d1480\" data-element_type=\"widget\" data-e-type=\"widget\" data-widget_type=\"heading.default\">\n\t\t\t\t\t<h2 class=\"elementor-heading-title elementor-size-default\">Filmagem com drone S\u00e3o paulo<\/h2>\t\t\t\t<\/div>\n\t\t\t\t\t<\/div>\n\t\t<\/div>\n\t\t\t\t\t<\/div>\n\t\t<\/section>\n\t\t\t\t<section class=\"elementor-section elementor-top-section elementor-element elementor-element-78ac1d4a elementor-section-boxed elementor-section-height-default elementor-section-height-default wpr-particle-no wpr-jarallax-no wpr-parallax-no wpr-sticky-section-no wpr-equal-height-no\" data-id=\"78ac1d4a\" data-element_type=\"section\" data-e-type=\"section\">\n\t\t\t\t\t\t<div class=\"elementor-container elementor-column-gap-default\">\n\t\t\t\t\t<div class=\"elementor-column elementor-col-100 elementor-top-column elementor-element elementor-element-2a8a1f1b\" data-id=\"2a8a1f1b\" data-element_type=\"column\" data-e-type=\"column\">\n\t\t\t<div class=\"elementor-widget-wrap elementor-element-populated\">\n\t\t\t\t\t\t<div class=\"elementor-element elementor-element-e06ffcd elementor-widget elementor-widget-heading\" data-id=\"e06ffcd\" data-element_type=\"widget\" data-e-type=\"widget\" data-widget_type=\"heading.default\">\n\t\t\t\t\t<h2 class=\"elementor-heading-title elementor-size-default\">Nossos Servi\u00e7os<\/h2>\t\t\t\t<\/div>\n\t\t\t\t<div class=\"elementor-element elementor-element-5e4805d1 elementor-widget elementor-widget-text-editor\" data-id=\"5e4805d1\" data-element_type=\"widget\" data-e-type=\"widget\" data-widget_type=\"text-editor.default\">\n\t\t\t\t\t\t\t\t\t<p data-start=\"276\" data-end=\"555\">Na <strong data-start=\"279\" data-end=\"296\">Vision Drones<\/strong>, oferecemos <strong data-start=\"309\" data-end=\"377\">servi\u00e7os de filmagem com drones em Sorocaba, Cajamar e S\u00e3o Paulo<\/strong>, capturando <strong data-start=\"390\" data-end=\"411\">imagens a\u00e9reas 4K<\/strong> com alta precis\u00e3o e qualidade cinematogr\u00e1fica. Nossos <strong data-start=\"466\" data-end=\"490\">pilotos certificados<\/strong> garantem seguran\u00e7a e resultados profissionais em cada projeto.<\/p><p data-start=\"557\" data-end=\"598\"><strong data-start=\"557\" data-end=\"596\">Nossos principais servi\u00e7os incluem:<\/strong><\/p><ul data-start=\"599\" data-end=\"1181\"><li data-start=\"599\" data-end=\"703\"><p data-start=\"601\" data-end=\"703\"><strong data-start=\"601\" data-end=\"624\">Filmagem de eventos<\/strong>: casamentos, shows, festas e eventos corporativos com imagens a\u00e9reas \u00fanicas.<\/p><\/li><li data-start=\"704\" data-end=\"810\"><p data-start=\"706\" data-end=\"810\"><strong data-start=\"706\" data-end=\"746\">V\u00eddeos institucionais e corporativos<\/strong>: destaque sua marca com <strong data-start=\"771\" data-end=\"807\">filmagem profissional com drones<\/strong>.<\/p><\/li><li data-start=\"811\" data-end=\"935\"><p data-start=\"813\" data-end=\"935\"><strong data-start=\"813\" data-end=\"838\">Marketing imobili\u00e1rio<\/strong>: valoriza\u00e7\u00e3o de im\u00f3veis, condom\u00ednios e empreendimentos com <strong data-start=\"898\" data-end=\"932\">imagens a\u00e9reas impressionantes<\/strong>.<\/p><\/li><li data-start=\"936\" data-end=\"1065\"><p data-start=\"938\" data-end=\"1065\"><strong data-start=\"938\" data-end=\"977\">Acompanhamento de obras e inspe\u00e7\u00f5es<\/strong>: monitoramento de constru\u00e7\u00f5es, ind\u00fastrias e \u00e1reas de dif\u00edcil acesso com <strong data-start=\"1050\" data-end=\"1062\">drone 4K<\/strong>.<\/p><\/li><li data-start=\"1066\" data-end=\"1181\"><p data-start=\"1068\" data-end=\"1181\"><strong data-start=\"1068\" data-end=\"1103\">Produ\u00e7\u00e3o de v\u00eddeos promocionais<\/strong>: conte\u00fados para redes sociais e campanhas publicit\u00e1rias com impacto visual.<\/p><\/li><\/ul><p data-start=\"1183\" data-end=\"1356\">Atuamos com tecnologia de ponta e uma equipe altamente qualificada para entregar <strong data-start=\"1264\" data-end=\"1296\">imagens a\u00e9reas profissionais<\/strong> que ajudam empresas e pessoas a destacarem seus projetos.<\/p><p>\u00a0<\/p><p data-start=\"1358\" data-end=\"1514\">\ud83d\udcde <strong data-start=\"1361\" data-end=\"1512\">Entre em contato e descubra como a Vision Drones pode transformar seus projetos em imagens a\u00e9reas de alto impacto em Sorocaba, Cajamar e S\u00e3o Paulo!<\/strong><\/p>\t\t\t\t\t\t\t\t<\/div>\n\t\t\t\t<div class=\"elementor-element elementor-element-cbd8c0d wpr-grid-columns-3 wpr-grid-columns--tablet3 wpr-grid-columns--mobile1 wpr-grid-pagination-center elementor-widget elementor-widget-wpr-media-grid\" data-id=\"cbd8c0d\" data-element_type=\"widget\" data-e-type=\"widget\" data-widget_type=\"wpr-media-grid.default\">\n\t\t\t\t\t<section class=\"wpr-grid wpr-media-grid elementor-clearfix\" data-settings=\"{&quot;layout&quot;:&quot;masonry&quot;,&quot;columns_desktop&quot;:&quot;3&quot;,&quot;gutter_hr&quot;:10,&quot;gutter_hr_mobile&quot;:10,&quot;gutter_hr_mobile_extra&quot;:10,&quot;gutter_hr_tablet&quot;:10,&quot;gutter_hr_tablet_extra&quot;:10,&quot;gutter_hr_laptop&quot;:10,&quot;gutter_hr_widescreen&quot;:10,&quot;gutter_vr&quot;:10,&quot;gutter_vr_mobile&quot;:10,&quot;gutter_vr_mobile_extra&quot;:10,&quot;gutter_vr_tablet&quot;:10,&quot;gutter_vr_tablet_extra&quot;:10,&quot;gutter_vr_laptop&quot;:10,&quot;gutter_vr_widescreen&quot;:10,&quot;animation&quot;:&quot;zoom&quot;,&quot;animation_duration&quot;:0.7,&quot;animation_delay&quot;:0.45,&quot;deeplinking&quot;:&quot;&quot;,&quot;filters_default_filter&quot;:&quot;&quot;,&quot;filters_linkable&quot;:&quot;no&quot;,&quot;filters_count&quot;:&quot;&quot;,&quot;filters_hide_empty&quot;:&quot;no&quot;,&quot;filters_animation&quot;:&quot;default&quot;,&quot;filters_animation_duration&quot;:0.3,&quot;filters_animation_delay&quot;:0.1,&quot;pagination_type&quot;:&quot;load-more&quot;,&quot;pagination_max_pages&quot;:2,&quot;lightbox&quot;:{&quot;selector&quot;:&quot;.wpr-grid-image-wrap&quot;,&quot;iframeMaxWidth&quot;:&quot;60%&quot;,&quot;hash&quot;:false,&quot;autoplay&quot;:&quot;true&quot;,&quot;pause&quot;:5000,&quot;progressBar&quot;:&quot;true&quot;,&quot;counter&quot;:&quot;true&quot;,&quot;controls&quot;:&quot;true&quot;,&quot;getCaptionFromTitleOrAlt&quot;:&quot;true&quot;,&quot;thumbnail&quot;:&quot;&quot;,&quot;showThumbByDefault&quot;:&quot;&quot;,&quot;share&quot;:&quot;&quot;,&quot;zoom&quot;:&quot;true&quot;,&quot;fullScreen&quot;:&quot;true&quot;,&quot;download&quot;:&quot;true&quot;}}\"><article class=\"wpr-grid-item elementor-clearfix post-355 attachment type-attachment status-inherit hentry\"><div class=\"wpr-grid-item-inner\"><div class=\"wpr-grid-media-wrap wpr-effect-size-small \"><div class=\"wpr-grid-image-wrap\" data-src=\"https:\/\/visiondrones.com.br\/wp-content\/uploads\/2021\/12\/image-16.jpg\"><img decoding=\"async\" src=\"https:\/\/visiondrones.com.br\/wp-content\/uploads\/2021\/12\/image-16.jpg\" alt=\"Image 16\" class=\"wpr-anim-timing-ease-default\"><\/div><div class=\"wpr-grid-media-hover wpr-animation-wrap\"><div class=\"wpr-grid-media-hover-bg  wpr-overlay-fade-in wpr-anim-size-large wpr-anim-timing-ease-default wpr-anim-transparency\" data-url=\"https:\/\/visiondrones.com.br\/filmagem-com-drone-portal-dos-ipes-cajamar\/image-16\/\"><\/div><div class=\"wpr-cv-container\"><div class=\"wpr-cv-outer\"><div class=\"wpr-cv-inner\"><div class=\"wpr-grid-media-hover-middle elementor-clearfix\"><div class=\"wpr-grid-item-lightbox elementor-repeater-item-f72714c wpr-grid-item-display-block wpr-grid-item-align-center wpr-element-fade-in wpr-anim-size-large wpr-anim-timing-ease-default wpr-anim-transparency\"><div class=\"inner-block\"><span data-src=\"https:\/\/visiondrones.com.br\/wp-content\/uploads\/2021\/12\/image-16.jpg\"><i class=\"fas fa-search\"><\/i><\/span><div class=\"wpr-grid-lightbox-overlay\"><\/div><\/div><\/div><\/div><\/div><\/div><\/div><\/div><\/div><\/div><\/article><article class=\"wpr-grid-item elementor-clearfix post-357 attachment type-attachment status-inherit hentry\"><div class=\"wpr-grid-item-inner\"><div class=\"wpr-grid-media-wrap wpr-effect-size-small \"><div class=\"wpr-grid-image-wrap\" data-src=\"https:\/\/visiondrones.com.br\/wp-content\/uploads\/2021\/12\/image-18.jpg\"><img decoding=\"async\" src=\"https:\/\/visiondrones.com.br\/wp-content\/uploads\/2021\/12\/image-18.jpg\" alt=\"Image 18\" class=\"wpr-anim-timing-ease-default\"><\/div><div class=\"wpr-grid-media-hover wpr-animation-wrap\"><div class=\"wpr-grid-media-hover-bg  wpr-overlay-fade-in wpr-anim-size-large wpr-anim-timing-ease-default wpr-anim-transparency\" data-url=\"https:\/\/visiondrones.com.br\/filmagem-com-drone-portal-dos-ipes-cajamar\/image-18\/\"><\/div><div class=\"wpr-cv-container\"><div class=\"wpr-cv-outer\"><div class=\"wpr-cv-inner\"><div class=\"wpr-grid-media-hover-middle elementor-clearfix\"><div class=\"wpr-grid-item-lightbox elementor-repeater-item-f72714c wpr-grid-item-display-block wpr-grid-item-align-center wpr-element-fade-in wpr-anim-size-large wpr-anim-timing-ease-default wpr-anim-transparency\"><div class=\"inner-block\"><span data-src=\"https:\/\/visiondrones.com.br\/wp-content\/uploads\/2021\/12\/image-18.jpg\"><i class=\"fas fa-search\"><\/i><\/span><div class=\"wpr-grid-lightbox-overlay\"><\/div><\/div><\/div><\/div><\/div><\/div><\/div><\/div><\/div><\/div><\/article><article class=\"wpr-grid-item elementor-clearfix post-359 attachment type-attachment status-inherit hentry\"><div class=\"wpr-grid-item-inner\"><div class=\"wpr-grid-media-wrap wpr-effect-size-small \"><div class=\"wpr-grid-image-wrap\" data-src=\"https:\/\/visiondrones.com.br\/wp-content\/uploads\/2021\/12\/image-20.jpg\"><img decoding=\"async\" src=\"https:\/\/visiondrones.com.br\/wp-content\/uploads\/2021\/12\/image-20.jpg\" alt=\"Image 20\" class=\"wpr-anim-timing-ease-default\"><\/div><div class=\"wpr-grid-media-hover wpr-animation-wrap\"><div class=\"wpr-grid-media-hover-bg  wpr-overlay-fade-in wpr-anim-size-large wpr-anim-timing-ease-default wpr-anim-transparency\" data-url=\"https:\/\/visiondrones.com.br\/filmagem-com-drone-portal-dos-ipes-cajamar\/image-20\/\"><\/div><div class=\"wpr-cv-container\"><div class=\"wpr-cv-outer\"><div class=\"wpr-cv-inner\"><div class=\"wpr-grid-media-hover-middle elementor-clearfix\"><div class=\"wpr-grid-item-lightbox elementor-repeater-item-f72714c wpr-grid-item-display-block wpr-grid-item-align-center wpr-element-fade-in wpr-anim-size-large wpr-anim-timing-ease-default wpr-anim-transparency\"><div class=\"inner-block\"><span data-src=\"https:\/\/visiondrones.com.br\/wp-content\/uploads\/2021\/12\/image-20.jpg\"><i class=\"fas fa-search\"><\/i><\/span><div class=\"wpr-grid-lightbox-overlay\"><\/div><\/div><\/div><\/div><\/div><\/div><\/div><\/div><\/div><\/div><\/article><article class=\"wpr-grid-item elementor-clearfix post-350 attachment type-attachment status-inherit hentry\"><div class=\"wpr-grid-item-inner\"><div class=\"wpr-grid-media-wrap wpr-effect-size-small \"><div class=\"wpr-grid-image-wrap\" data-src=\"https:\/\/visiondrones.com.br\/wp-content\/uploads\/2021\/12\/image-13.jpg\"><img decoding=\"async\" src=\"https:\/\/visiondrones.com.br\/wp-content\/uploads\/2021\/12\/image-13.jpg\" alt=\"Image 13\" class=\"wpr-anim-timing-ease-default\"><\/div><div class=\"wpr-grid-media-hover wpr-animation-wrap\"><div class=\"wpr-grid-media-hover-bg  wpr-overlay-fade-in wpr-anim-size-large wpr-anim-timing-ease-default wpr-anim-transparency\" data-url=\"https:\/\/visiondrones.com.br\/filmagem-com-drone-portal-dos-ipes-cajamar\/image-13\/\"><\/div><div class=\"wpr-cv-container\"><div class=\"wpr-cv-outer\"><div class=\"wpr-cv-inner\"><div class=\"wpr-grid-media-hover-middle elementor-clearfix\"><div class=\"wpr-grid-item-lightbox elementor-repeater-item-f72714c wpr-grid-item-display-block wpr-grid-item-align-center wpr-element-fade-in wpr-anim-size-large wpr-anim-timing-ease-default wpr-anim-transparency\"><div class=\"inner-block\"><span data-src=\"https:\/\/visiondrones.com.br\/wp-content\/uploads\/2021\/12\/image-13.jpg\"><i class=\"fas fa-search\"><\/i><\/span><div class=\"wpr-grid-lightbox-overlay\"><\/div><\/div><\/div><\/div><\/div><\/div><\/div><\/div><\/div><\/div><\/article><article class=\"wpr-grid-item elementor-clearfix post-356 attachment type-attachment status-inherit hentry\"><div class=\"wpr-grid-item-inner\"><div class=\"wpr-grid-media-wrap wpr-effect-size-small \"><div class=\"wpr-grid-image-wrap\" data-src=\"https:\/\/visiondrones.com.br\/wp-content\/uploads\/2021\/12\/image-17.jpg\"><img decoding=\"async\" src=\"https:\/\/visiondrones.com.br\/wp-content\/uploads\/2021\/12\/image-17.jpg\" alt=\"Image 17\" class=\"wpr-anim-timing-ease-default\"><\/div><div class=\"wpr-grid-media-hover wpr-animation-wrap\"><div class=\"wpr-grid-media-hover-bg  wpr-overlay-fade-in wpr-anim-size-large wpr-anim-timing-ease-default wpr-anim-transparency\" data-url=\"https:\/\/visiondrones.com.br\/filmagem-com-drone-portal-dos-ipes-cajamar\/image-17\/\"><\/div><div class=\"wpr-cv-container\"><div class=\"wpr-cv-outer\"><div class=\"wpr-cv-inner\"><div class=\"wpr-grid-media-hover-middle elementor-clearfix\"><div class=\"wpr-grid-item-lightbox elementor-repeater-item-f72714c wpr-grid-item-display-block wpr-grid-item-align-center wpr-element-fade-in wpr-anim-size-large wpr-anim-timing-ease-default wpr-anim-transparency\"><div class=\"inner-block\"><span data-src=\"https:\/\/visiondrones.com.br\/wp-content\/uploads\/2021\/12\/image-17.jpg\"><i class=\"fas fa-search\"><\/i><\/span><div class=\"wpr-grid-lightbox-overlay\"><\/div><\/div><\/div><\/div><\/div><\/div><\/div><\/div><\/div><\/div><\/article><\/section><div class=\"wpr-grid-pagination elementor-clearfix wpr-grid-pagination-load-more\"><a href=\"https:\/\/visiondrones.com.br\/filmagem-com-drone-portal-dos-ipes-cajamar\/wp-json\/wp\/v2\/pages\/388\/page\/2\/\" class=\"wpr-load-more-btn\" data-e-disable-page-transition>SAIBA MAIS<\/a><div class=\"wpr-pagination-loading\"><div class=\"wpr-double-bounce\"><div class=\"wpr-child wpr-double-bounce1\"><\/div><div class=\"wpr-child wpr-double-bounce2\"><\/div><\/div><\/div><p class=\"wpr-pagination-finish\">End of Content.<\/p><\/div>\t\t\t\t<\/div>\n\t\t\t\t\t<\/div>\n\t\t<\/div>\n\t\t\t\t\t<\/div>\n\t\t<\/section>\n\t\t\t\t<section class=\"elementor-section elementor-top-section elementor-element elementor-element-305d907c elementor-section-full_width elementor-section-height-default elementor-section-height-default wpr-particle-no wpr-jarallax-no wpr-parallax-no wpr-sticky-section-no wpr-equal-height-no\" data-id=\"305d907c\" data-element_type=\"section\" data-e-type=\"section\">\n\t\t\t\t\t\t<div class=\"elementor-container elementor-column-gap-no\">\n\t\t\t\t\t<div class=\"elementor-column elementor-col-100 elementor-top-column elementor-element elementor-element-2ed5089d\" data-id=\"2ed5089d\" data-element_type=\"column\" data-e-type=\"column\">\n\t\t\t<div class=\"elementor-widget-wrap\">\n\t\t\t\t\t\t\t<\/div>\n\t\t<\/div>\n\t\t\t\t\t<\/div>\n\t\t<\/section>\n\t\t\t\t<\/div>\n\t\t","protected":false},"excerpt":{"rendered":"<p>Filmagem com drone S\u00e3o paulo Nossos Servi\u00e7os Na Vision Drones, oferecemos servi\u00e7os de filmagem com drones em Sorocaba, Cajamar e S\u00e3o Paulo, capturando imagens a\u00e9reas 4K com alta precis\u00e3o e qualidade cinematogr\u00e1fica. Nossos pilotos certificados garantem seguran\u00e7a e resultados profissionais em cada projeto. Nossos principais servi\u00e7os incluem: Filmagem de eventos: casamentos, shows, festas e eventos corporativos com imagens a\u00e9reas \u00fanicas. V\u00eddeos institucionais e corporativos: destaque sua marca com filmagem profissional com drones. Marketing imobili\u00e1rio: valoriza\u00e7\u00e3o de im\u00f3veis, condom\u00ednios e empreendimentos com imagens a\u00e9reas impressionantes. Acompanhamento de obras e inspe\u00e7\u00f5es: monitoramento de constru\u00e7\u00f5es, ind\u00fastrias e \u00e1reas de dif\u00edcil acesso com drone 4K. Produ\u00e7\u00e3o de v\u00eddeos promocionais: conte\u00fados para redes sociais e campanhas publicit\u00e1rias com impacto visual. Atuamos com tecnologia de ponta e uma equipe altamente qualificada para entregar imagens a\u00e9reas profissionais que ajudam empresas e pessoas a destacarem seus projetos. \u00a0 \ud83d\udcde Entre em contato e descubra como a Vision Drones pode transformar seus projetos em imagens a\u00e9reas de alto impacto em Sorocaba, Cajamar e S\u00e3o Paulo! SAIBA MAIS End of Content.<\/p>\n","protected":false},"author":1,"featured_media":0,"parent":0,"menu_order":0,"comment_status":"closed","ping_status":"closed","template":"elementor_canvas","meta":{"_joinchat":[],"footnotes":""},"class_list":["post-388","page","type-page","status-publish","hentry"],"_hostinger_reach_plugin_has_subscription_block":false,"_hostinger_reach_plugin_is_elementor":false,"_links":{"self":[{"href":"https:\/\/visiondrones.com.br\/filmagem-com-drone-portal-dos-ipes-cajamar\/wp-json\/wp\/v2\/pages\/388","targetHints":{"allow":["GET"]}}],"collection":[{"href":"https:\/\/visiondrones.com.br\/filmagem-com-drone-portal-dos-ipes-cajamar\/wp-json\/wp\/v2\/pages"}],"about":[{"href":"https:\/\/visiondrones.com.br\/filmagem-com-drone-portal-dos-ipes-cajamar\/wp-json\/wp\/v2\/types\/page"}],"author":[{"embeddable":true,"href":"https:\/\/visiondrones.com.br\/filmagem-com-drone-portal-dos-ipes-cajamar\/wp-json\/wp\/v2\/users\/1"}],"replies":[{"embeddable":true,"href":"https:\/\/visiondrones.com.br\/filmagem-com-drone-portal-dos-ipes-cajamar\/wp-json\/wp\/v2\/comments?post=388"}],"version-history":[{"count":6,"href":"https:\/\/visiondrones.com.br\/filmagem-com-drone-portal-dos-ipes-cajamar\/wp-json\/wp\/v2\/pages\/388\/revisions"}],"predecessor-version":[{"id":1026,"href":"https:\/\/visiondrones.com.br\/filmagem-com-drone-portal-dos-ipes-cajamar\/wp-json\/wp\/v2\/pages\/388\/revisions\/1026"}],"wp:attachment":[{"href":"https:\/\/visiondrones.com.br\/filmagem-com-drone-portal-dos-ipes-cajamar\/wp-json\/wp\/v2\/media?parent=388"}],"curies":[{"name":"wp","href":"https:\/\/api.w.org\/{rel}","templated":true}]}}